{"id":6,"date":"2014-12-03T18:59:57","date_gmt":"2014-12-03T18:59:57","guid":{"rendered":"http:\/\/hizi.it\/web\/?page_id=6"},"modified":"2019-04-28T19:17:45","modified_gmt":"2019-04-28T17:17:45","slug":"presentazione","status":"publish","type":"page","link":"https:\/\/hizi.it\/web\/presentazione\/","title":{"rendered":"Presentazione"},"content":{"rendered":"\n<p><strong>Hizi s.r.l.<\/strong>&nbsp;&nbsp;&#8211;&nbsp;<strong>engineering &amp; services<\/strong> &#8211; \u00e8 una societ\u00e0 di ingegneria nata nell\u2019aprile 2010 su iniziativa del suo amministratore e direttore tecnico Ing. Maurizio Natalizio.<\/p>\n\n\n\n<p>La societ\u00e0 beneficia del suo know how professionale e gestionale al quale si sommano le competenze dei soci e dei diversi professionisti che negli anni hanno collaborato alle &nbsp;attivit\u00e0.<\/p>\n\n\n\n<p><strong>HIZI<\/strong> opera nell\u2019ambito dell\u2019ingegneria civile, con una forte specializzazione nel settore delle opere idrauliche. In tale contesto, con riferimento ai sistemi a rete quali acquedotti, fognature etc., sono state elaborate soluzioni integrate che contemplano la progettazione e l\u2019assistenza alla realizzazione ma anche la manutenzione e la gestione delle opere stesse.<\/p>\n\n\n\n<p>La <strong>HIZI<\/strong> progetta e sviluppa soluzioni pratiche, molto fruibili, utilizzando le pi\u00f9 avanzate tecnologie in uso nei diversi settori di interesse (approccio olistico, multidisciplinare) ma con la massima semplicit\u00e0 di utilizzo ed al costo pi\u00f9 basso (sostenibilit\u00e0 dei costi di gestione e manutenzione).<\/p>\n\n\n\n<p>La Societ\u00e0&nbsp;si rivolge prevalentemente alle aziende operanti nel settore dei lavori pubblici, supportandole &nbsp;gi\u00e0 dalla fase di acquisizione della commessa. La struttura \u00e8 infatti specializzata nella predisposizione di migliorie tecniche sui progetti a base d\u2019appalto supportando &nbsp;le Imprese alla redazione delle Offerte Tecniche Migliorative.<\/p>\n","protected":false},"excerpt":{"rendered":"<p class=\"qua-blog-post-description\">Hizi s.r.l.&nbsp;&nbsp;&#8211;&nbsp;engineering &amp; services &#8211; \u00e8 una societ\u00e0 di ingegneria nata nell\u2019aprile 2010 su iniziativa del suo amministratore e direttore tecnico Ing. Maurizio Natalizio. La societ\u00e0 beneficia del suo know how professionale e gestionale al quale si sommano le competenze dei soci e dei diversi professionisti che negli anni hanno collaborato alle &nbsp;attivit\u00e0. HIZI opera [&hellip;]<\/p>\n","protected":false},"author":1,"featured_media":0,"parent":0,"menu_order":0,"comment_status":"closed","ping_status":"open","template":"","meta":[],"_links":{"self":[{"href":"https:\/\/hizi.it\/web\/wp-json\/wp\/v2\/pages\/6"}],"collection":[{"href":"https:\/\/hizi.it\/web\/wp-json\/wp\/v2\/pages"}],"about":[{"href":"https:\/\/hizi.it\/web\/wp-json\/wp\/v2\/types\/page"}],"author":[{"embeddable":true,"href":"https:\/\/hizi.it\/web\/wp-json\/wp\/v2\/users\/1"}],"replies":[{"embeddable":true,"href":"https:\/\/hizi.it\/web\/wp-json\/wp\/v2\/comments?post=6"}],"version-history":[{"count":8,"href":"https:\/\/hizi.it\/web\/wp-json\/wp\/v2\/pages\/6\/revisions"}],"predecessor-version":[{"id":565,"href":"https:\/\/hizi.it\/web\/wp-json\/wp\/v2\/pages\/6\/revisions\/565"}],"wp:attachment":[{"href":"https:\/\/hizi.it\/web\/wp-json\/wp\/v2\/media?parent=6"}],"curies":[{"name":"wp","href":"https:\/\/api.w.org\/{rel}","templated":true}]}}