{"id":460,"date":"2019-04-22T11:32:51","date_gmt":"2019-04-22T09:32:51","guid":{"rendered":"https:\/\/hizi.it\/web\/?page_id=460"},"modified":"2019-04-28T22:12:13","modified_gmt":"2019-04-28T20:12:13","slug":"progettazione","status":"publish","type":"page","link":"https:\/\/hizi.it\/web\/services\/progettazione\/","title":{"rendered":"Progettazione"},"content":{"rendered":"\n<p class=\"has-drop-cap\"><strong>Hizi<\/strong> opera nella progettazione di opere sia civili che industriali, sia pubbliche che private:<\/p>\n\n\n\n<ul><li>edifici di qualsiasi genere e struttura;<\/li><li>restauri;<\/li><li>ristrutturazioni;<\/li><li>impianti sportivi;<\/li><li>sistemazione urbana;<\/li><li>opere funerarie;<\/li><li>opere di consolidamento;<\/li><li>captazione idrica;<\/li><li>acquedotti e reti idriche;<\/li><li>fognature;<\/li><li>impianti di potabilizzazione e di depurazione;<\/li><\/ul>\n\n\n\n<p><strong>Hizi<\/strong> ha a disposizione una selezione di pacchetti software che congiuntamente alla agilit\u00e0 e alla flessibilit\u00e0 organizzativa dello staff tecnico e dei suoi collaboratori consente una notevole competitivit\u00e0 nella qualit\u00e0, nei tempi e quindi, nei costi offerti al cliente.<\/p>\n","protected":false},"excerpt":{"rendered":"<p class=\"qua-blog-post-description\">Hizi opera nella progettazione di opere sia civili che industriali, sia pubbliche che private: edifici di qualsiasi genere e struttura; restauri; ristrutturazioni; impianti sportivi; sistemazione urbana; opere funerarie; opere di consolidamento; captazione idrica; acquedotti e reti idriche; fognature; impianti di potabilizzazione e di depurazione; Hizi ha a disposizione una selezione di pacchetti software che congiuntamente [&hellip;]<\/p>\n","protected":false},"author":3,"featured_media":0,"parent":514,"menu_order":0,"comment_status":"closed","ping_status":"closed","template":"","meta":[],"_links":{"self":[{"href":"https:\/\/hizi.it\/web\/wp-json\/wp\/v2\/pages\/460"}],"collection":[{"href":"https:\/\/hizi.it\/web\/wp-json\/wp\/v2\/pages"}],"about":[{"href":"https:\/\/hizi.it\/web\/wp-json\/wp\/v2\/types\/page"}],"author":[{"embeddable":true,"href":"https:\/\/hizi.it\/web\/wp-json\/wp\/v2\/users\/3"}],"replies":[{"embeddable":true,"href":"https:\/\/hizi.it\/web\/wp-json\/wp\/v2\/comments?post=460"}],"version-history":[{"count":6,"href":"https:\/\/hizi.it\/web\/wp-json\/wp\/v2\/pages\/460\/revisions"}],"predecessor-version":[{"id":605,"href":"https:\/\/hizi.it\/web\/wp-json\/wp\/v2\/pages\/460\/revisions\/605"}],"up":[{"embeddable":true,"href":"https:\/\/hizi.it\/web\/wp-json\/wp\/v2\/pages\/514"}],"wp:attachment":[{"href":"https:\/\/hizi.it\/web\/wp-json\/wp\/v2\/media?parent=460"}],"curies":[{"name":"wp","href":"https:\/\/api.w.org\/{rel}","templated":true}]}}